{"id":435,"date":"2020-07-21T18:18:18","date_gmt":"2020-07-21T18:18:18","guid":{"rendered":"https:\/\/www.valleeruiter.org\/?page_id=435"},"modified":"2023-01-17T19:07:48","modified_gmt":"2023-01-17T19:07:48","slug":"contact-us","status":"publish","type":"page","link":"https:\/\/www.valleeruiter.org\/en\/contact-us\/","title":{"rendered":"Contact Us"},"content":{"rendered":"<p><div class=\"fusion-fullwidth fullwidth-box fusion-builder-row-1 hundred-percent-fullwidth non-hundred-percent-height-scrolling bouton-carte-bleu\" style=\"--awb-border-radius-top-left:0px;--awb-border-radius-top-right:0px;--awb-border-radius-bottom-right:0px;--awb-border-radius-bottom-left:0px;--awb-padding-right:0px;--awb-padding-left:0px;--awb-flex-wrap:wrap;\" ><div class=\"fusion-builder-row fusion-row\"><div class=\"fusion-layout-column fusion_builder_column fusion-builder-column-0 fusion_builder_column_2_3 2_3 fusion-two-third fusion-column-first\" style=\"--awb-bg-size:cover;width:66.666666666667%;width:calc(66.666666666667% - ( ( 4% ) * 0.66666666666667 ) );margin-right: 4%;\"><div class=\"fusion-column-wrapper fusion-column-has-shadow fusion-flex-column-wrapper-legacy\"><div class=\"fusion-clearfix\"><\/div><\/div><\/div><div class=\"fusion-layout-column fusion_builder_column fusion-builder-column-1 fusion_builder_column_1_3 1_3 fusion-one-third fusion-column-last fusion-column-inner-bg-wrapper bouton-carte-bkgd\" style=\"--awb-padding-top:35px;--awb-padding-right:6%;--awb-padding-bottom:35px;--awb-padding-left:6%;--awb-overflow:hidden;--awb-inner-bg-size:cover;--awb-border-radius:60px 0px 0px 0px;--awb-inner-bg-border-radius:60px 0px 0px 0px;--awb-inner-bg-overflow:hidden;width:33.333333333333%;width:calc(33.333333333333% - ( ( 4% ) * 0.33333333333333 ) );\"><span class=\"fusion-column-inner-bg hover-type-none\"><a class=\"fusion-column-anchor\" href=\"https:\/\/www.valleeruiter.org\/en\/trails\/\"><span class=\"fusion-column-inner-bg-image\"><\/span><\/a><\/span><div class=\"fusion-column-wrapper fusion-column-has-shadow fusion-flex-column-wrapper-legacy\"><div class=\"fusion-column-content-centered\"><div class=\"fusion-column-content\"><div class=\"fusion-builder-row fusion-builder-row-inner fusion-row\"><div class=\"fusion-layout-column fusion_builder_column_inner fusion-builder-nested-column-0 fusion_builder_column_inner_1_6 1_6 fusion-one-sixth fusion-column-first\" style=\"--awb-bg-size:cover;width:16.666666666667%;width:calc(16.666666666667% - ( ( 4% ) * 0.16666666666667 ) );margin-right: 4%;\"><div class=\"fusion-column-wrapper fusion-column-has-shadow fusion-flex-column-wrapper-legacy\"><div class=\"fusion-image-element in-legacy-container\" style=\"--awb-caption-title-font-family:var(--h2_typography-font-family);--awb-caption-title-font-weight:var(--h2_typography-font-weight);--awb-caption-title-font-style:var(--h2_typography-font-style);--awb-caption-title-size:var(--h2_typography-font-size);--awb-caption-title-transform:var(--h2_typography-text-transform);--awb-caption-title-line-height:var(--h2_typography-line-height);--awb-caption-title-letter-spacing:var(--h2_typography-letter-spacing);\"><span class=\" fusion-imageframe imageframe-none imageframe-1 hover-type-none\"><img decoding=\"async\" width=\"300\" height=\"300\" alt=\"image graphique d&#039;un enseigne de rue\" title=\"enseigne-rue\" src=\"https:\/\/www.valleeruiter.org\/wp-content\/uploads\/2020\/07\/enseigne-rue.svg\" class=\"img-responsive wp-image-92\" srcset=\"https:\/\/www.valleeruiter.org\/wp-content\/uploads\/\/2020\/07\/enseigne-rue.svg 66w, https:\/\/www.valleeruiter.org\/wp-content\/uploads\/\/2020\/07\/enseigne-rue.svg 150w, https:\/\/www.valleeruiter.org\/wp-content\/uploads\/\/2020\/07\/enseigne-rue.svg 300w, https:\/\/www.valleeruiter.org\/wp-content\/uploads\/2020\/07\/enseigne-rue.svg 500w, https:\/\/www.valleeruiter.org\/wp-content\/uploads\/\/2020\/07\/enseigne-rue.svg 1024w, https:\/\/www.valleeruiter.org\/wp-content\/uploads\/\/2020\/07\/enseigne-rue.svg 1536w\" sizes=\"(max-width: 800px) 100vw, 200px\" \/><\/span><\/div><div class=\"fusion-clearfix\"><\/div><\/div><\/div><div class=\"fusion-layout-column fusion_builder_column_inner fusion-builder-nested-column-1 fusion_builder_column_inner_5_6 5_6 fusion-five-sixth fusion-column-last\" style=\"--awb-bg-size:cover;width:83.333333333333%;width:calc(83.333333333333% - ( ( 4% ) * 0.83333333333333 ) );\"><div class=\"fusion-column-wrapper fusion-column-has-shadow fusion-flex-column-wrapper-legacy\"><div class=\"fusion-text fusion-text-1\"><p>Trail Map<\/p>\n<\/div><div class=\"fusion-clearfix\"><\/div><\/div><\/div><\/div><\/div><\/div><div class=\"fusion-clearfix\"><\/div><\/div><\/div><\/div><\/div><div class=\"fusion-fullwidth fullwidth-box fusion-builder-row-2 hundred-percent-fullwidth non-hundred-percent-height-scrolling\" style=\"--awb-border-radius-top-left:0px;--awb-border-radius-top-right:0px;--awb-border-radius-bottom-right:0px;--awb-border-radius-bottom-left:0px;--awb-padding-top:0px;--awb-padding-bottom:0px;--awb-padding-left:0px;--awb-margin-top:0px;--awb-margin-bottom:0px;--awb-flex-wrap:wrap;\" ><div class=\"fusion-builder-row fusion-row\"><div class=\"fusion-layout-column fusion_builder_column fusion-builder-column-2 fusion_builder_column_2_3 2_3 fusion-two-third fusion-column-first\" style=\"--awb-bg-size:cover;width:66.666666666667%;width:calc(66.666666666667% - ( ( 4% ) * 0.66666666666667 ) );margin-right: 4%;\"><div class=\"fusion-column-wrapper fusion-column-has-shadow fusion-flex-column-wrapper-legacy\"><div class=\"shortcode-map fusion-google-map fusion-maps-embed-type\"><iframe width=\"100%\" height=\"600px\" frameborder=\"0\" style=\"border:0\" src=\"https:\/\/www.google.com\/maps\/embed\/v1\/place?key=AIzaSyBrhjf4AkcclMYVWBgfGHbLlBZR_3XApSs&language=en&q=Fiducie+fonci\u00e8re+de+la+vall\u00e9e+Ruiter,+C.P.462+Potton,+Qu\u00e9bec,+J0E+1X0&maptype=roadmap&zoom=11\" allowfullscreen><\/iframe><\/div><div class=\"alignleft\"><div class=\"fusion-social-links fusion-social-links-1 joindre-social\" style=\"--awb-margin-top:0px;--awb-margin-right:0px;--awb-margin-bottom:0px;--awb-margin-left:0px;--awb-alignment:left;--awb-box-border-top:0px;--awb-box-border-right:0px;--awb-box-border-bottom:0px;--awb-box-border-left:0px;--awb-icon-colors-hover:rgba(158,160,164,0.8);--awb-box-colors-hover:rgba(242,243,245,0.8);--awb-box-border-color:var(--awb-color3);--awb-box-border-color-hover:var(--awb-color4);\"><div class=\"fusion-social-networks color-type-custom\"><div class=\"fusion-social-networks-wrapper\"><a class=\"fusion-social-network-icon fusion-tooltip fusion-facebook awb-icon-facebook\" style=\"color:#ffffff;font-size:16px;\" data-placement=\"top\" data-title=\"Facebook\" data-toggle=\"tooltip\" title=\"Facebook\" aria-label=\"facebook\" target=\"_blank\" rel=\"noopener noreferrer\" href=\"https:\/\/www.facebook.com\/ValleeRuiter\/\"><\/a><a class=\"fusion-social-network-icon fusion-tooltip fusion-instagram awb-icon-instagram\" style=\"color:#ffffff;font-size:16px;\" data-placement=\"top\" data-title=\"Instagram\" data-toggle=\"tooltip\" title=\"Instagram\" aria-label=\"instagram\" target=\"_blank\" rel=\"noopener noreferrer\" href=\"https:\/\/www.instagram.com\/vallee_ruiter\/\"><\/a><\/div><\/div><\/div><\/div><div class=\"fusion-clearfix\"><\/div><\/div><\/div><div class=\"fusion-layout-column fusion_builder_column fusion-builder-column-3 fusion_builder_column_1_3 1_3 fusion-one-third fusion-column-last information-joindre-fiducie\" style=\"--awb-bg-size:cover;--awb-margin-top:5em;width:33.333333333333%;width:calc(33.333333333333% - ( ( 4% ) * 0.33333333333333 ) );\"><div class=\"fusion-column-wrapper fusion-column-has-shadow fusion-flex-column-wrapper-legacy\"><div class=\"fusion-text fusion-text-2\"><h1>Contact information<\/h1>\n<p>The Ruiter Valley Land Trust<br \/>\nC.P.893<br \/>\nPotton, Quebec<br \/>\nJ0E 1X0<\/p>\n<\/div><div class=\"fusion-text fusion-text-3\"><p><a href=\"mailto:info@valleeruiter.org\"><i class=\"fb-icon-element-1 fb-icon-element fontawesome-icon fa-envelope fas circle-no fusion-text-flow mail-icon\" style=\"--awb-iconcolor:#265043;--awb-iconcolor-hover:#265043;--awb-font-size:32px;--awb-margin-right:16px;\"><\/i> info@valleeruiter.org<\/a><\/p>\n<\/div><div class=\"alignleft\"><div class=\"fusion-social-links fusion-social-links-2 joindre-social-mobile\" style=\"--awb-margin-top:0px;--awb-margin-right:0px;--awb-margin-bottom:0px;--awb-margin-left:0px;--awb-alignment:left;--awb-box-border-top:0px;--awb-box-border-right:0px;--awb-box-border-bottom:0px;--awb-box-border-left:0px;--awb-icon-colors-hover:rgba(158,160,164,0.8);--awb-box-colors-hover:rgba(242,243,245,0.8);--awb-box-border-color:var(--awb-color3);--awb-box-border-color-hover:var(--awb-color4);\"><div class=\"fusion-social-networks color-type-custom\"><div class=\"fusion-social-networks-wrapper\"><a class=\"fusion-social-network-icon fusion-tooltip fusion-facebook awb-icon-facebook\" style=\"color:#265043;font-size:16px;\" data-placement=\"top\" data-title=\"Facebook\" data-toggle=\"tooltip\" title=\"Facebook\" aria-label=\"facebook\" target=\"_blank\" rel=\"noopener noreferrer\" href=\"https:\/\/www.facebook.com\/ValleeRuiter\/\"><\/a><a class=\"fusion-social-network-icon fusion-tooltip fusion-instagram awb-icon-instagram\" style=\"color:#265043;font-size:16px;\" data-placement=\"top\" data-title=\"Instagram\" data-toggle=\"tooltip\" title=\"Instagram\" aria-label=\"instagram\" target=\"_blank\" rel=\"noopener noreferrer\" href=\"https:\/\/www.instagram.com\/valleeruiter\/\"><\/a><\/div><\/div><\/div><\/div><div class=\"fusion-clearfix\"><\/div><\/div><\/div><\/div><\/div><\/p>\n","protected":false},"excerpt":{"rendered":"","protected":false},"author":1,"featured_media":0,"parent":0,"menu_order":0,"comment_status":"closed","ping_status":"closed","template":"100-width.php","meta":{"footnotes":""},"class_list":["post-435","page","type-page","status-publish","hentry"],"yoast_head":"<!-- This site is optimized with the Yoast SEO plugin v27.5 - https:\/\/yoast.com\/product\/yoast-seo-wordpress\/ -->\n<title>Contact Us la Fiducie fonci\u00e8re de la vall\u00e9e Ruiter<\/title>\n<meta name=\"description\" content=\"Organisme de conservation et d&#039;\u00e9ducation environnementale, et sentiers de randonn\u00e9e situ\u00e9 \u00e0 Potton dans les Cantons-de-l\u2019Est.\" \/>\n<meta name=\"robots\" content=\"index, follow, max-snippet:-1, max-image-preview:large, max-video-preview:-1\" \/>\n<link rel=\"canonical\" href=\"https:\/\/www.ruitervalley.org\/contact-us\/\" \/>\n<meta property=\"og:locale\" content=\"en_US\" \/>\n<meta property=\"og:type\" content=\"article\" \/>\n<meta property=\"og:title\" content=\"Joindre la Fiducie fonci\u00e8re de la vall\u00e9e Ruiter\" \/>\n<meta property=\"og:description\" content=\"Organisme de conservation et d&#039;\u00e9ducation environnementale, et sentiers de randonn\u00e9e ouverts au public situ\u00e9 \u00e0 Potton dans les Cantons-de-l\u2019Est.\" \/>\n<meta property=\"og:url\" content=\"https:\/\/www.ruitervalley.org\/contact-us\/\" \/>\n<meta property=\"og:site_name\" content=\"La fiducie fonci\u00e8re de la vall\u00e9e Ruiter\" \/>\n<meta property=\"article:modified_time\" content=\"2023-01-17T19:07:48+00:00\" \/>\n<meta property=\"og:image\" content=\"https:\/\/www.ruitervalley.org\/wp-content\/uploads\/2020\/09\/logo-fiducie-fonciere-vallee-ruiter.png\" \/>\n\t<meta property=\"og:image:width\" content=\"1735\" \/>\n\t<meta property=\"og:image:height\" content=\"1545\" \/>\n\t<meta property=\"og:image:type\" content=\"image\/png\" \/>\n<meta name=\"twitter:card\" content=\"summary_large_image\" \/>\n<meta name=\"twitter:title\" content=\"Joindre la Fiducie fonci\u00e8re de la vall\u00e9e Ruiter\" \/>\n<meta name=\"twitter:description\" content=\"Organisme de conservation et d&#039;\u00e9ducation environnementale, et sentiers de randonn\u00e9e ouverts au public situ\u00e9 \u00e0 Potton dans les Cantons-de-l\u2019Est.\" \/>\n<meta name=\"twitter:image\" content=\"https:\/\/www.valleeruiter.org\/wp-content\/uploads\/2020\/09\/logo-fiducie-fonciere-vallee-ruiter.png\" \/>\n<meta name=\"twitter:label1\" content=\"Est. reading time\" \/>\n\t<meta name=\"twitter:data1\" content=\"5 minutes\" \/>\n<script type=\"application\/ld+json\" class=\"yoast-schema-graph\">{\"@context\":\"https:\\\/\\\/schema.org\",\"@graph\":[{\"@type\":\"WebPage\",\"@id\":\"https:\\\/\\\/www.ruitervalley.org\\\/contact-us\\\/\",\"url\":\"https:\\\/\\\/www.ruitervalley.org\\\/contact-us\\\/\",\"name\":\"Contact Us la Fiducie fonci\u00e8re de la vall\u00e9e Ruiter\",\"isPartOf\":{\"@id\":\"https:\\\/\\\/www.valleeruiter.org\\\/#website\"},\"datePublished\":\"2020-07-21T18:18:18+00:00\",\"dateModified\":\"2023-01-17T19:07:48+00:00\",\"description\":\"Organisme de conservation et d'\u00e9ducation environnementale, et sentiers de randonn\u00e9e situ\u00e9 \u00e0 Potton dans les Cantons-de-l\u2019Est.\",\"breadcrumb\":{\"@id\":\"https:\\\/\\\/www.ruitervalley.org\\\/contact-us\\\/#breadcrumb\"},\"inLanguage\":\"en-US\",\"potentialAction\":[{\"@type\":\"ReadAction\",\"target\":[\"https:\\\/\\\/www.ruitervalley.org\\\/contact-us\\\/\"]}]},{\"@type\":\"BreadcrumbList\",\"@id\":\"https:\\\/\\\/www.ruitervalley.org\\\/contact-us\\\/#breadcrumb\",\"itemListElement\":[{\"@type\":\"ListItem\",\"position\":1,\"name\":\"Home\",\"item\":\"https:\\\/\\\/www.valleeruiter.org\\\/en\\\/\"},{\"@type\":\"ListItem\",\"position\":2,\"name\":\"Contact Us\"}]},{\"@type\":\"WebSite\",\"@id\":\"https:\\\/\\\/www.valleeruiter.org\\\/#website\",\"url\":\"https:\\\/\\\/www.valleeruiter.org\\\/\",\"name\":\"La fiducie fonci\u00e8re de la vall\u00e9e Ruiter\",\"description\":\"\",\"potentialAction\":[{\"@type\":\"SearchAction\",\"target\":{\"@type\":\"EntryPoint\",\"urlTemplate\":\"https:\\\/\\\/www.valleeruiter.org\\\/?s={search_term_string}\"},\"query-input\":{\"@type\":\"PropertyValueSpecification\",\"valueRequired\":true,\"valueName\":\"search_term_string\"}}],\"inLanguage\":\"en-US\"}]}<\/script>\n<!-- \/ Yoast SEO plugin. -->","yoast_head_json":{"title":"Contact Us la Fiducie fonci\u00e8re de la vall\u00e9e Ruiter","description":"Organisme de conservation et d'\u00e9ducation environnementale, et sentiers de randonn\u00e9e situ\u00e9 \u00e0 Potton dans les Cantons-de-l\u2019Est.","robots":{"index":"index","follow":"follow","max-snippet":"max-snippet:-1","max-image-preview":"max-image-preview:large","max-video-preview":"max-video-preview:-1"},"canonical":"https:\/\/www.ruitervalley.org\/contact-us\/","og_locale":"en_US","og_type":"article","og_title":"Joindre la Fiducie fonci\u00e8re de la vall\u00e9e Ruiter","og_description":"Organisme de conservation et d'\u00e9ducation environnementale, et sentiers de randonn\u00e9e ouverts au public situ\u00e9 \u00e0 Potton dans les Cantons-de-l\u2019Est.","og_url":"https:\/\/www.ruitervalley.org\/contact-us\/","og_site_name":"La fiducie fonci\u00e8re de la vall\u00e9e Ruiter","article_modified_time":"2023-01-17T19:07:48+00:00","og_image":[{"width":1735,"height":1545,"url":"https:\/\/www.ruitervalley.org\/wp-content\/uploads\/2020\/09\/logo-fiducie-fonciere-vallee-ruiter.png","type":"image\/png"}],"twitter_card":"summary_large_image","twitter_title":"Joindre la Fiducie fonci\u00e8re de la vall\u00e9e Ruiter","twitter_description":"Organisme de conservation et d'\u00e9ducation environnementale, et sentiers de randonn\u00e9e ouverts au public situ\u00e9 \u00e0 Potton dans les Cantons-de-l\u2019Est.","twitter_image":"https:\/\/www.valleeruiter.org\/wp-content\/uploads\/2020\/09\/logo-fiducie-fonciere-vallee-ruiter.png","twitter_misc":{"Est. reading time":"5 minutes"},"schema":{"@context":"https:\/\/schema.org","@graph":[{"@type":"WebPage","@id":"https:\/\/www.ruitervalley.org\/contact-us\/","url":"https:\/\/www.ruitervalley.org\/contact-us\/","name":"Contact Us la Fiducie fonci\u00e8re de la vall\u00e9e Ruiter","isPartOf":{"@id":"https:\/\/www.valleeruiter.org\/#website"},"datePublished":"2020-07-21T18:18:18+00:00","dateModified":"2023-01-17T19:07:48+00:00","description":"Organisme de conservation et d'\u00e9ducation environnementale, et sentiers de randonn\u00e9e situ\u00e9 \u00e0 Potton dans les Cantons-de-l\u2019Est.","breadcrumb":{"@id":"https:\/\/www.ruitervalley.org\/contact-us\/#breadcrumb"},"inLanguage":"en-US","potentialAction":[{"@type":"ReadAction","target":["https:\/\/www.ruitervalley.org\/contact-us\/"]}]},{"@type":"BreadcrumbList","@id":"https:\/\/www.ruitervalley.org\/contact-us\/#breadcrumb","itemListElement":[{"@type":"ListItem","position":1,"name":"Home","item":"https:\/\/www.valleeruiter.org\/en\/"},{"@type":"ListItem","position":2,"name":"Contact Us"}]},{"@type":"WebSite","@id":"https:\/\/www.valleeruiter.org\/#website","url":"https:\/\/www.valleeruiter.org\/","name":"La fiducie fonci\u00e8re de la vall\u00e9e Ruiter","description":"","potentialAction":[{"@type":"SearchAction","target":{"@type":"EntryPoint","urlTemplate":"https:\/\/www.valleeruiter.org\/?s={search_term_string}"},"query-input":{"@type":"PropertyValueSpecification","valueRequired":true,"valueName":"search_term_string"}}],"inLanguage":"en-US"}]}},"_links":{"self":[{"href":"https:\/\/www.valleeruiter.org\/en\/wp-json\/wp\/v2\/pages\/435","targetHints":{"allow":["GET"]}}],"collection":[{"href":"https:\/\/www.valleeruiter.org\/en\/wp-json\/wp\/v2\/pages"}],"about":[{"href":"https:\/\/www.valleeruiter.org\/en\/wp-json\/wp\/v2\/types\/page"}],"author":[{"embeddable":true,"href":"https:\/\/www.valleeruiter.org\/en\/wp-json\/wp\/v2\/users\/1"}],"replies":[{"embeddable":true,"href":"https:\/\/www.valleeruiter.org\/en\/wp-json\/wp\/v2\/comments?post=435"}],"version-history":[{"count":1,"href":"https:\/\/www.valleeruiter.org\/en\/wp-json\/wp\/v2\/pages\/435\/revisions"}],"predecessor-version":[{"id":2177,"href":"https:\/\/www.valleeruiter.org\/en\/wp-json\/wp\/v2\/pages\/435\/revisions\/2177"}],"wp:attachment":[{"href":"https:\/\/www.valleeruiter.org\/en\/wp-json\/wp\/v2\/media?parent=435"}],"curies":[{"name":"wp","href":"https:\/\/api.w.org\/{rel}","templated":true}]}}